{"id":13912,"date":"2025-04-04T17:43:10","date_gmt":"2025-04-04T15:43:10","guid":{"rendered":"https:\/\/healthyliciouus.com\/?post_type=product&#038;p=13912"},"modified":"2026-04-14T07:43:30","modified_gmt":"2026-04-14T05:43:30","slug":"offre-speciale-packs-2-ou-3-ebooks-ig-bas","status":"publish","type":"product","link":"https:\/\/healthyliciouus.com\/index.php\/produit\/offre-speciale-packs-2-ou-3-ebooks-ig-bas\/","title":{"rendered":"OFFRE SPECIALE &#8211; Packs 2 ou 3 eBooks IG bas"},"content":{"rendered":"<h3 class=\"\" data-start=\"156\" data-end=\"220\">\ud83c\udf1f Offre sp\u00e9ciale : Pack de 2 ou 3 ebooks healthyliciouus \ud83c\udf1f<\/h3>\n<p class=\"\" data-start=\"222\" data-end=\"377\">Envie de faire le plein d\u2019inspiration gourmande et saine ? Profite de cette offre exclusive pour recevoir <strong data-start=\"328\" data-end=\"345\">2 ou 3 ebooks<\/strong> de ta s\u00e9lection \u00e0 prix r\u00e9duit !<\/p>\n<p class=\"\" data-start=\"379\" data-end=\"654\">\ud83c\udf7d\ufe0f <strong data-start=\"383\" data-end=\"434\">Des recettes saines, faciles et pleines de go\u00fbt<\/strong><br data-start=\"434\" data-end=\"437\" \/>Chaque ebook regorge de recettes in\u00e9dites et cr\u00e9atives, \u00e0 index glyc\u00e9mique bas, test\u00e9es et approuv\u00e9es pour t\u2019accompagner au quotidien. Petits-d\u00e9jeuners, plats complets, en-cas ou douceurs sucr\u00e9es\u2026 il y en a pour tous les go\u00fbts !<\/p>\n<p class=\"\" data-start=\"656\" data-end=\"691\">\ud83c\udf81 <strong data-start=\"659\" data-end=\"689\">Pourquoi choisir le pack ?<\/strong><\/p>\n<ul>\n<li data-start=\"656\" data-end=\"691\">Vous \u00e9conomisez par rapport \u00e0 l\u2019achat individuel. Pour un pack de 2 ebooks, chaque ebook vous revient \u00e0 5,90\u20ac au lieu de 6,90\u20ac. Pour un pack de 3 ebooks, chaque ebook vous revient \u00e0 4,90\u20ac au lieu de 6,90\u20ac.<\/li>\n<li data-start=\"656\" data-end=\"691\">Diversifiez vos repas avec encore plus d\u2019id\u00e9es in\u00e9dites, en plus des recettes d\u00e9j\u00e0 disponibles sur le site !<\/li>\n<li data-start=\"656\" data-end=\"691\">Acc\u00e9dez \u00e0 mes <strong data-start=\"816\" data-end=\"838\">astuces exclusives<\/strong> pour r\u00e9ussir tes recettes \u00e0 tous les coups ainsi que des informations cl\u00e9s sur la nutrition.<\/li>\n<\/ul>\n<p class=\"\" data-start=\"885\" data-end=\"1022\">\ud83e\udde1 <strong data-start=\"888\" data-end=\"938\">Faites-vous plaisir<\/strong> avec ce pack sur-mesure, \u00e0 composer selon vos envies parmi mes ebooks disponibles :<\/p>\n<ul>\n<li data-start=\"885\" data-end=\"1022\">30 recettes \u00e0 IG bas pour le printemps et l&rsquo;\u00e9t\u00e9<\/li>\n<li data-start=\"885\" data-end=\"1022\">Tutoriel de recettes sucr\u00e9es \u00e0 IG bas avec 45 recettes<\/li>\n<li data-start=\"885\" data-end=\"1022\">30 recettes pour cuisiner les l\u00e9gumes sous toutes leurs formes.<\/li>\n<\/ul>\n<p>Cette offre concerne des ebooks. Une fois le paiement valid\u00e9, vous aurez le lien de t\u00e9l\u00e9chargement des ebooks sur la page de validation de la commande.<\/p>\n<h6>*TVA non applicable, article 293B du CGI.<\/h6>\n","protected":false},"excerpt":{"rendered":"<p class=\"\" data-start=\"66\" data-end=\"286\">\u2728 <strong data-start=\"68\" data-end=\"98\">Pack sp\u00e9cial 2 ou 3 ebooks<\/strong> \u2728<br data-start=\"100\" data-end=\"103\" \/>Composez votre pack personnalis\u00e9 et profitez d\u2019un tarif avantageux ! Des recettes saines, gourmandes et faciles, accompagn\u00e9es de mes meilleures astuces pour vous r\u00e9galer au quotidien. 2 ebooks de votre choix pour 11,80\u20ac soit 5,90\u20ac l&rsquo;ebook et 3 ebooks pour 14,70\u20ac soit 4,90\u20ac l&rsquo;ebook.<\/p>\n","protected":false},"featured_media":13918,"comment_status":"open","ping_status":"closed","template":"","meta":[],"product_brand":[],"product_cat":[407],"product_tag":[],"class_list":{"0":"post-13912","1":"product","2":"type-product","3":"status-publish","4":"has-post-thumbnail","6":"product_cat-mes-livres-de-recettes","8":"first","9":"instock","10":"purchasable","11":"product-type-variable"},"aioseo_notices":[],"jetpack-related-posts":[],"jetpack_sharing_enabled":true,"_links":{"self":[{"href":"https:\/\/healthyliciouus.com\/index.php\/wp-json\/wp\/v2\/product\/13912","targetHints":{"allow":["GET"]}}],"collection":[{"href":"https:\/\/healthyliciouus.com\/index.php\/wp-json\/wp\/v2\/product"}],"about":[{"href":"https:\/\/healthyliciouus.com\/index.php\/wp-json\/wp\/v2\/types\/product"}],"replies":[{"embeddable":true,"href":"https:\/\/healthyliciouus.com\/index.php\/wp-json\/wp\/v2\/comments?post=13912"}],"wp:featuredmedia":[{"embeddable":true,"href":"https:\/\/healthyliciouus.com\/index.php\/wp-json\/wp\/v2\/media\/13918"}],"wp:attachment":[{"href":"https:\/\/healthyliciouus.com\/index.php\/wp-json\/wp\/v2\/media?parent=13912"}],"wp:term":[{"taxonomy":"product_brand","embeddable":true,"href":"https:\/\/healthyliciouus.com\/index.php\/wp-json\/wp\/v2\/product_brand?post=13912"},{"taxonomy":"product_cat","embeddable":true,"href":"https:\/\/healthyliciouus.com\/index.php\/wp-json\/wp\/v2\/product_cat?post=13912"},{"taxonomy":"product_tag","embeddable":true,"href":"https:\/\/healthyliciouus.com\/index.php\/wp-json\/wp\/v2\/product_tag?post=13912"}],"curies":[{"name":"wp","href":"https:\/\/api.w.org\/{rel}","templated":true}]}}